{"id":123,"date":"2017-05-04T20:42:37","date_gmt":"2017-05-04T20:42:37","guid":{"rendered":"http:\/\/badminton.blauweiss65-schwedt.de\/?page_id=123"},"modified":"2017-05-04T21:15:07","modified_gmt":"2017-05-04T21:15:07","slug":"was-ist-badminton","status":"publish","type":"page","link":"https:\/\/badminton.blauweiss65-schwedt.de\/?page_id=123","title":{"rendered":"Was ist Badminton?"},"content":{"rendered":"<p>Die Ballsportart Badminton ist ein R\u00fcckschlagspiel, das mit einem Federball (Shuttlecock) und jeweils einem Badmintonschl\u00e4ger pro Person gespielt wird. Dabei versuchen die Spieler, den Ball so \u00fcber ein Netz zu schlagen, dass die Gegenseite ihn nicht den Regeln entsprechend zur\u00fcckschlagen kann. Es kann sowohl von zwei Spielern als Einzel, als auch von vier Spielern als Doppel oder Mixed gespielt werden. Es wird in der Halle ausgetragen und erfordert wegen der Schnelligkeit und der gro\u00dfen Laufintensit\u00e4t eine hohe k\u00f6rperliche Fitness. Weltweit wird Badminton von \u00fcber 14 Millionen Spielern in mehr als 160 Nationen wettkampfm\u00e4\u00dfig betrieben.<\/p>\n<p>Der Begriff Badminton wird oft f\u00e4lschlicherweise mit dem Freizeitspiel Federball gleichgesetzt, das im Gegensatz zu Badminton m\u00f6glichst lange Ballwechsel zum Ziel hat, w\u00e4hrend Badminton ein Wettkampfsport ist und nach festen Regeln gespielt wird.<\/p>\n<p><a href=\"https:\/\/badminton.blauweiss65-schwedt.de\/wp-content\/uploads\/2017\/05\/badballundracket.png\"><img loading=\"lazy\" decoding=\"async\" class=\"size-full wp-image-130 aligncenter\" src=\"https:\/\/badminton.blauweiss65-schwedt.de\/wp-content\/uploads\/2017\/05\/badballundracket.png\" alt=\"badballundracket\" width=\"656\" height=\"320\" srcset=\"https:\/\/badminton.blauweiss65-schwedt.de\/wp-content\/uploads\/2017\/05\/badballundracket.png 656w, https:\/\/badminton.blauweiss65-schwedt.de\/wp-content\/uploads\/2017\/05\/badballundracket-300x146.png 300w\" sizes=\"auto, (max-width: 656px) 100vw, 656px\" \/><\/a><\/p>\n<p>Es hat gewisse \u00c4hnlichkeit mit Tennis, unterscheidet sich davon jedoch in grundlegenden spieltechnischen und taktischen Aspekten. Das Badmintonspielfeld ist, verglichen mit dem Tennisspielfeld, deutlich kleiner. Ein Badmintonschl\u00e4ger ist wesentlich leichter als ein Tennisschl\u00e4ger. Der Spielball (<i>Federball<\/i>) darf den Boden nicht ber\u00fchren. Er ist mit einem Feder- oder Plastikkranz best\u00fcckt, wodurch er seine besonderen Flugeigenschaften erh\u00e4lt.<\/p>\n<p>Badminton stellt hohe Anspr\u00fcche an Reflexe, Grundschnelligkeit und Kondition und erfordert weiterhin f\u00fcr ein gutes Spiel Konzentrationsf\u00e4higkeit und taktisches Geschick. Lange Ballwechsel und eine Spieldauer ohne echte Pausen fordern eine gut entwickelte Ausdauer. Die Tatsache, dass durch den leichten Schl\u00e4ger \u00c4nderungen in der Schlagrichtung ohne deutliche Ausholbewegungen zu erreichen sind, macht Badminton zu einem extrem raffinierten und t\u00e4uschungsreichen Spiel. Dem schnellen Angriffsspiel ist nur durch gute Reflexe und sehr bewegliche Laufarbeit zu begegnen. Der Wechsel zwischen hart geschlagenen Angriffsb\u00e4llen, anget\u00e4uschten Finten sowie pr\u00e4zisem, gef\u00fchlvollem Spiel am Netz ist es, was die Faszination von Badminton ausmacht.<\/p>\n<p><a href=\"https:\/\/badminton.blauweiss65-schwedt.de\/wp-content\/uploads\/2017\/05\/636px-Badmintonfeld_mit_Abmessungen.png\"><img loading=\"lazy\" decoding=\"async\" class=\" wp-image-127 aligncenter\" src=\"https:\/\/badminton.blauweiss65-schwedt.de\/wp-content\/uploads\/2017\/05\/636px-Badmintonfeld_mit_Abmessungen.png\" alt=\"636px-Badmintonfeld_mit_Abmessungen\" width=\"447\" height=\"337\" srcset=\"https:\/\/badminton.blauweiss65-schwedt.de\/wp-content\/uploads\/2017\/05\/636px-Badmintonfeld_mit_Abmessungen.png 636w, https:\/\/badminton.blauweiss65-schwedt.de\/wp-content\/uploads\/2017\/05\/636px-Badmintonfeld_mit_Abmessungen-300x226.png 300w\" sizes=\"auto, (max-width: 447px) 100vw, 447px\" \/><\/a><\/p>\n<p>Gez\u00e4hlt wird nach Punkten und nach S\u00e4tzen. Seit 2006 wird nach der sogenannten <i>Rally-Point-Methode<\/i> gez\u00e4hlt. Dabei wird auf zwei Gewinns\u00e4tze bis auf 21 Punkte gespielt und jede Partei erzielt, unabh\u00e4ngig vom Aufschlagsrecht, bei einem Fehler des Gegners, einen Punkt. In den Jahren davor wurden zwei Gewinns\u00e4tze bis 15\u00a0Punkte gespielt (Ausnahme ist das Dameneinzel \u2013 bis 11 Punkte), wobei nur die aufschlagende Partei punkten konnte.<\/p>\n<p>Als Fehler gilt es unter anderem, wenn der Ball das Netz nicht \u00fcberfliegt oder Boden\/Wand\/Hallendecke (oder Gegenst\u00e4nde die darunter h\u00e4ngen) ber\u00fchrt, wobei eine Deckenber\u00fchrung je nach Hallenh\u00f6he immer oder nur beim Aufschlag auch eine Wiederholung nach sich ziehen kann. Auch das Ber\u00fchren des Netzes mit K\u00f6rper oder Schl\u00e4ger ist ein Fehler. Im Gegensatz zu den meisten anderen R\u00fcckschlagspielen wird beim Badminton auch dann weitergespielt, wenn der Ball beim Aufschlag das Netz ber\u00fchrt, solange er danach seinen Weg weiter in das Aufschlagfeld des Gegners fortsetzt.<\/p>\n<p><span style=\"font-size: 8pt;\">weitere INFO&#8217;s unter: <a href=\"https:\/\/de.wikipedia.org\/wiki\/Badminton\">WIKIPEDIA<\/a><\/span><\/p>\n","protected":false},"excerpt":{"rendered":"<p>Die Ballsportart Badminton ist ein R\u00fcckschlagspiel, das mit einem Federball (Shuttlecock) und jeweils einem Badmintonschl\u00e4ger pro Person gespielt wird. Dabei versuchen die Spieler, den Ball so \u00fcber ein Netz zu schlagen, dass die Gegenseite ihn nicht den Regeln entsprechend zur\u00fcckschlagen &hellip; <a href=\"https:\/\/badminton.blauweiss65-schwedt.de\/?page_id=123\">Weiterlesen <span class=\"meta-nav\">&rarr;<\/span><\/a><\/p>\n","protected":false},"author":1,"featured_media":0,"parent":0,"menu_order":3,"comment_status":"closed","ping_status":"closed","template":"","meta":{"ngg_post_thumbnail":0,"footnotes":""},"class_list":["post-123","page","type-page","status-publish","hentry"],"_links":{"self":[{"href":"https:\/\/badminton.blauweiss65-schwedt.de\/index.php?rest_route=\/wp\/v2\/pages\/123","targetHints":{"allow":["GET"]}}],"collection":[{"href":"https:\/\/badminton.blauweiss65-schwedt.de\/index.php?rest_route=\/wp\/v2\/pages"}],"about":[{"href":"https:\/\/badminton.blauweiss65-schwedt.de\/index.php?rest_route=\/wp\/v2\/types\/page"}],"author":[{"embeddable":true,"href":"https:\/\/badminton.blauweiss65-schwedt.de\/index.php?rest_route=\/wp\/v2\/users\/1"}],"replies":[{"embeddable":true,"href":"https:\/\/badminton.blauweiss65-schwedt.de\/index.php?rest_route=%2Fwp%2Fv2%2Fcomments&post=123"}],"version-history":[{"count":0,"href":"https:\/\/badminton.blauweiss65-schwedt.de\/index.php?rest_route=\/wp\/v2\/pages\/123\/revisions"}],"wp:attachment":[{"href":"https:\/\/badminton.blauweiss65-schwedt.de\/index.php?rest_route=%2Fwp%2Fv2%2Fmedia&parent=123"}],"curies":[{"name":"wp","href":"https:\/\/api.w.org\/{rel}","templated":true}]}}